{"id":51,"date":"2021-08-26T12:22:55","date_gmt":"2021-08-26T12:22:55","guid":{"rendered":"http:\/\/dummy.xtemos.com\/woodmart2\/elementor\/?page_id=51"},"modified":"2024-01-16T10:14:09","modified_gmt":"2024-01-16T07:14:09","slug":"referanslarimiz","status":"publish","type":"page","link":"https:\/\/arsrackcabinet.com\/?page_id=51","title":{"rendered":"Referanslar\u0131m\u0131z"},"content":{"rendered":"\t\t<div data-elementor-type=\"wp-page\" data-elementor-id=\"51\" class=\"elementor elementor-51\" data-elementor-post-type=\"page\">\n\t\t\t\t<div class=\"elementor-element elementor-element-920127b e-flex e-con-boxed e-con e-parent\" data-id=\"920127b\" data-element_type=\"container\">\n\t\t\t\t\t<div class=\"e-con-inner\">\n\t\t\t\t<div class=\"elementor-element elementor-element-d262c5a elementor-widget elementor-widget-wd_text_block\" data-id=\"d262c5a\" data-element_type=\"widget\" data-widget_type=\"wd_text_block.default\">\n\t\t\t\t<div class=\"elementor-widget-container\">\n\t\t\t\t\t\t\t\t<link rel=\"stylesheet\" id=\"wd-text-block-css\" href=\"https:\/\/arsrackcabinet.com\/wp-content\/themes\/woodmart\/css\/parts\/el-text-block.min.css?ver=7.0.3\" type=\"text\/css\" media=\"all\" \/> \t\t\t\t\t<div class=\"wd-text-block reset-last-child text-left\">\n\t\t\t\n\t\t\t<section class=\"elementor-section elementor-top-section elementor-element elementor-element-084db8a elementor-section-boxed elementor-section-height-default elementor-section-height-default\" data-id=\"084db8a\" data-element_type=\"section\" data-settings=\"{&quot;_ha_eqh_enable&quot;:false}\"><div class=\"elementor-container elementor-column-gap-default\"><div class=\"elementor-column elementor-col-50 elementor-top-column elementor-element elementor-element-f66f36f\" data-id=\"f66f36f\" data-element_type=\"column\"><div class=\"elementor-widget-wrap elementor-element-populated\"><div class=\"elementor-element elementor-element-023515d elementor-widget__width-initial elementor-widget elementor-widget-text-editor\" data-id=\"023515d\" data-element_type=\"widget\" data-widget_type=\"text-editor.default\"><div class=\"elementor-widget-container\"><p><strong>BAKANLIKLAR<\/strong><\/p><p>T.C. ADALET<br \/>T.C. \u00c7ALI\u015eMA VE SOSYAL G\u00dcVENL\u0130K BAKANLI\u011eI<br \/>T.C. \u00c7EVRE VE \u015eEH\u0130RC\u0130L\u0130K BAKANLI\u011eI<br \/>T.C. DI\u015e \u0130\u015eLER\u0130 BAKANLI\u011eI<br \/>T.C. ENERJ\u0130 VE TAB\u0130 KAYNAKLAR BAKANLI\u011eI<br \/>T.C. GEN\u00c7L\u0130K VE SPOR BAKANLI\u011eI<br \/>T.C. HAZ\u0130NE VE MAL\u0130YE BAKANLI\u011eI<br \/>T.C. \u0130\u00c7 \u0130\u015eLER\u0130 BAKANLI\u011eI<br \/>T.C. K\u00dcLT\u00dcR VE TUR\u0130ZM BAKANLI\u011eI<br \/>T.C. E\u011e\u0130T\u0130M BAKANLI\u011eI<br \/>T.C. M\u0130LL\u0130 SAVUNMA BAKANLI\u011eI<br \/>T.C. SA\u011eLIK BAKANLI\u011eI<br \/>T.C. SANAY\u0130 VE TEKNOLOJ\u0130 BAKANLI\u011eI<br \/>T.C. TARIM VE ORMAN BAKANLI\u011eI<br \/>T.C. T\u0130CARET BAKANLI\u011eI<br \/>T.C. ULA\u015eTIRMA VE ALTYAPI BAKANLI\u011eI<\/p><p><strong>\u00dcN\u0130VERS\u0130TELER<\/strong><\/p><p>ATILIM \u00dcN\u0130VERS\u0130TES\u0130<br \/>ANKARA BA\u015eKENT \u00dcN\u0130VERS\u0130TES\u0130,<br \/>ANKARA B\u0130LKENT \u00dcN\u0130VERS\u0130TES\u0130,<br \/>ANKARA B\u0130RUN\u0130 \u00dcN\u0130VERS\u0130TES\u0130,<br \/>\u0130STANBUL EGE \u00dcN\u0130VERS\u0130TES\u0130<br \/>SOS. AMA\u00c7LI TES. \u0130\u015eL., \u0130ZM\u0130R<br \/>FAT\u0130H \u00dcN\u0130VERS\u0130TES\u0130,<br \/>\u0130STANBUL IBN HALDUN \u00dcN\u0130VERS\u0130TES\u0130,<br \/>\u0130STANBUL GAZ\u0130 \u00dcN\u0130VERS\u0130TES\u0130 FENED.FAK.,<br \/>KARADEN\u0130Z TEKN\u0130K \u00dcN\u0130V. \u0130\u0130BF<br \/>SEL\u00c7UK \u00dcN\u0130VERS\u0130TES\u0130<br \/>TRABZON KARAELMAS \u00dcN\u0130VERS\u0130TES\u0130<br \/>ZONGULDAK ONDOKUZ MAYIS \u00dcN\u0130VERS\u0130TES\u0130<br \/>TRAKYA \u00dcN\u0130VERS\u0130TES\u0130<\/p><p><strong>S\u0130TE Y\u00d6NET\u0130MLER\u0130<\/strong><\/p><p>MANAGEMENT ACARKENT S\u0130TE Y\u00d6NET\u0130M\u0130<br \/>\u0130STANBUL ARNAVUTK\u00d6Y KONUTLARI<br \/>\u0130STANBUL AVRUPA MAHALLES\u0130 Y\u00d6NET\u0130M\u0130<br \/>ANKARA BEYSUPARK S\u0130TE Y\u00d6NET\u0130M\u0130<br \/>ANKARA B\u0130Z\u0130MKENT ADA Y\u00d6NET\u0130MLER\u0130<br \/>\u0130STANBUL G\u00d6KSU PARK KONUTLARI<br \/>ANKARA HALKBANK S\u0130TES\u0130<br \/>ANKARA KARTEPE 2000 S\u0130TE Y\u00d6NET\u0130M\u0130<br \/>KOCAEL\u0130 KURTK\u00d6Y PARK EVLER\u0130 \u0130STANBUL<br \/>MISSTANBUL EVLER\u0130<br \/>ORAN KENT KONUTLARI<br \/>ANKARA PARK FLORA EVLER\u0130<br \/>ANKARA PARK VAD\u0130 EVLER\u0130<br \/>S.S.SU KENT KONUT YAPI KOOP.<br \/>ANKARA S.S.BA\u015eKENT SANCAK S\u0130TES\u0130 Y\u00d6N.<br \/>ANKARA S.S.I\u015eIKSU KONUT YAPI KOOP.<br \/>DIDIM S.S.MUTLU S\u0130TES\u0130 Y\u00d6NET\u0130M\u0130<br \/>ANKARA S.S.ORMANCILAR KONUT YAPI KOOP.<br \/>S.S.SEVG\u0130 BA\u011eLARI KONUT YAPI KOOP.<br \/>S.S.YE\u015e\u0130L ADA KONUT YAPI KOOP.<br \/>SED\u0130R BLOK Y\u00d6N. BEYSUKENT<br \/>ANKARA SINPA\u015e AQUA CITY<br \/>ISTANBUL SINPAS AQUA MANORS<br \/>ISTANBUL S\u0130NPA\u015e AVANGARDEN<br \/>\u0130STANBUL SINPA\u015e CENTERAL LIFE PARK<br \/>\u015eEKERKENT S\u0130TE Y\u00d6NET\u0130M\u0130<br \/>T.B.M.M.ESK\u0130 LOJMAN S\u0130TE Y\u00d6N.<br \/>ANKARA T\u00dcRKKONUT YE\u015e\u0130L PARK S\u0130TES\u0130<br \/>YEN\u0130KENT \u0130LKSAN KONUTLARI<\/p><p><strong>SOSYAL TES\u0130SLER<\/strong><\/p><p>SACILITIES<br \/>A\u011eA\u00c7LI PETROL TES\u0130SLER\u0130<br \/>AKABE DINLENME TES\u0130SLER\u0130<br \/>KAYNA\u015eLI AKAN TES\u0130SLER\u0130<br \/>B\u0130REC\u0130K TENIS KLUBU<br \/>ARDI\u00c7LARA KR. TES\u0130SLER\u0130<br \/>AY-TUR DINLENME TES\u0130SLER\u0130<br \/>GEREDE BARAN DINLENME TES\u0130SLERI<br \/>BERCETE D\u0130NLENME TES\u0130SLER\u0130<br \/>KAYNA\u015eLI BOZBEY TES\u0130SLER\u0130<br \/>CAFER USTANIN YER\u0130<br \/>KAYNA\u015eLI GEBZE \u00d6\u011eRETMEN EVI<br \/>KOCAELI ISMAILIN YERI DINL. TES.<br \/>KAYNA\u015eLI KOLAYLI ANITTEPE TES\u0130SLER\u0130<br \/>KOLAYLI CUMHUR\u0130YET TES\u0130SLER\u0130<br \/>K\u00dcKRER D\u0130NLENME TES\u0130SLER\u0130<br \/>MAV\u0130 OCAK D\u0130NLENME TES\u0130SLER\u0130<br \/>METRO D\u00d6RTD\u0130VAN TES\u0130SLER\u0130<br \/>MISTIK USTA D\u0130NLENME TES\u0130SLER\u0130<br \/>MIRKELAM D\u0130NLENME TES\u0130SLER\u0130<br \/>NAMIK KEMAL YAY PETROL D\u0130NL TES.<br \/>\u00d6ZT\u00dcRK D\u0130NLENME TES\u0130SLER\u0130<br \/>PARK SHOP<br \/>PELIT D\u0130NLENME TES\u0130SLER\u0130<br \/>RENEVA NEXT CLUB<br \/>SEBAHATT\u0130N\u0130N YER\u0130<br \/>SERTO\u011eLU D\u0130NLENME TES\u0130SLER\u0130<br \/>SINOP \u00d6\u011eRETMENEV\u0130<br \/>\u015eER\u0130FE BACI \u00d6\u011eRETMEN EV\u0130<br \/>EKOLOJ\u0130K DO\u011eAL PARK<br \/>YANDIM \u00c7AVU\u015e D\u0130NLENME TES\u0130SLER\u0130<br \/>SEL\u00c7UK YE\u015e\u0130L YAYLA TES\u0130SLER\u0130<br \/>YURTSA D\u0130NLENME TES\u0130SLER\u0130<br \/>\u00c7AYCUMA ZEYT\u0130N BURNU \u00d6\u011eRETMEN EV\u0130<\/p><p>\u00a0<\/p><\/div><\/div><\/div><\/div><div class=\"elementor-column elementor-col-50 elementor-top-column elementor-element elementor-element-f74401e\" data-id=\"f74401e\" data-element_type=\"column\"><div class=\"elementor-widget-wrap elementor-element-populated\"><div class=\"elementor-element elementor-element-7885ca8 elementor-widget elementor-widget-text-editor\" data-id=\"7885ca8\" data-element_type=\"widget\" data-widget_type=\"text-editor.default\"><div class=\"elementor-widget-container\"><p><strong>B\u00dcY\u00dcK\u015eEH\u0130R BELED\u0130YELER\u0130<\/strong><\/p><p>ADANA B\u00dcY\u00dcK\u015eEH\u0130R BELED\u0130YES\u0130<br \/>ANKARA B\u00dcY\u00dcK\u015eEH\u0130R BELED\u0130YES\u0130<br \/>ANTALYA B\u00dcY\u00dcK\u015eEH\u0130R BELED\u0130YES\u0130<br \/>AYDIN B\u00dcY\u00dcK\u015eEH\u0130R BELED\u0130YES\u0130<br \/>BALIKES\u0130R B\u00dcY\u00dcK\u015eEH\u0130R BELED\u0130YES\u0130<br \/>BURSA B\u00dcY\u00dcK\u015eEH\u0130R BELED\u0130YES\u0130<br \/>DEN\u0130ZL\u0130 B\u00dcY\u00dcK\u015eEH\u0130R BELED\u0130YES\u0130<br \/>D\u0130YARBAKIR B\u00dcY\u00dcK\u015eEH\u0130R BELED\u0130YES\u0130<br \/>ERZURUM B\u00dcY\u00dcK\u015eEH\u0130R BELED\u0130YES\u0130<br \/>ESK\u0130\u015eEH\u0130R B\u00dcY\u00dcK\u015eEH\u0130R BELED\u0130YES\u0130<br \/>GAZ\u0130ANTEP B\u00dcY\u00dcK\u015eEH\u0130R BELED\u0130YES\u0130<br \/>HATAY B\u00dcY\u00dcK\u015eEH\u0130R BELED\u0130YES\u0130<br \/>MERS\u0130N B\u00dcY\u00dcK\u015eEH\u0130R BELED\u0130YES\u0130<br \/>\u0130STANBUL B\u00dcY\u00dcK\u015eEH\u0130R BELED\u0130YES\u0130<br \/>\u0130ZM\u0130R B\u00dcY\u00dcK\u015eEH\u0130R BELED\u0130YES\u0130<br \/>KAYSER\u0130 B\u00dcY\u00dcK\u015eEH\u0130R BELED\u0130YES\u0130<br \/>KOCAEL\u0130 B\u00dcY\u00dcK\u015eEH\u0130R BELED\u0130YES\u0130<br \/>KONYA B\u00dcY\u00dcK\u015eEH\u0130R BELED\u0130YES\u0130<br \/>MALATYA B\u00dcY\u00dcK\u015eEH\u0130R BELED\u0130YES\u0130<br \/>MAN\u0130SA B\u00dcY\u00dcK\u015eEH\u0130R BELED\u0130YES\u0130<br \/>KAHRAMANMARA\u015e B\u00dcY\u00dcK\u015eEH\u0130R BELED\u0130YES\u0130<br \/>MARD\u0130N B\u00dcY\u00dcK\u015eEH\u0130R BELED\u0130YES\u0130<br \/>MU\u011eLA B\u00dcY\u00dcK\u015eEH\u0130R BELED\u0130YES\u0130<br \/>ORDU B\u00dcY\u00dcK\u015eEH\u0130R BELED\u0130YES\u0130<br \/>SAKARYA B\u00dcY\u00dcK\u015eEH\u0130R BELED\u0130YES\u0130<br \/>SAMSUN\u00a0B\u00dcY\u00dcK\u015eEH\u0130R\u00a0BELED\u0130YES\u0130<br \/>TEK\u0130RDA\u011e B\u00dcY\u00dcK\u015eEH\u0130R BELED\u0130YES\u0130<br \/>TRABZON B\u00dcY\u00dcK\u015eEH\u0130R BELED\u0130YES\u0130<br \/>\u015eANLIURFA B\u00dcY\u00dcK\u015eEH\u0130R BELED\u0130YES\u0130<br \/>VAN B\u00dcY\u00dcK\u015eEH\u0130R BELED\u0130YES\u0130<\/p><p><strong>D\u0130\u011eER<\/strong><\/p><p>ABALIO\u011eLU YEM SAN. A.\u015e.,<br \/>\u0130ZM\u0130R ABRO MEKAN\u0130K, \u0130STANBUL A\u00c7I DERSANELER\u0130,<br \/>ANKARA<br \/>AKASYA08 ADA Y\u00d6NET\u0130M\u0130,<br \/>BAH\u00c7E\u015eEH\u0130R AKBANK T.A.\u015e.<br \/>AKUMSAN A.\u015e., ISTANBUL<br \/>ALARA PEYZAJ LTD. STI.,<br \/>ANKARA ALBAYRAK \u0130N\u015eAAT A.\u015e.,<br \/>MAV\u0130\u015eEH\u0130R ALKAS TEKSTIL LTD. STI.,<br \/>ISTANBUL ALMAN K\u00dcLT\u00dcR MERKEZI,<br \/>ANKARA ALTA\u015e MOB\u0130LYA,<br \/>ISTANBUL ALTUNB\u0130LEKLER,<br \/>ANKARA A\u00c7IK CEZA EVI M\u00dcD., ANKARA ANKARA POLIS HIZMETLERI,<br \/>ANKARA ANKARA SANAYI ODASI,<br \/>ANKUVA PARK EVLER\u0130,<br \/>ARKEON EVLER\u0130,<br \/>TUZLA ASELSAN A.\u015e.,<br \/>ANKARA ASIST A.\u015e.,<br \/>ATA YURT \u0130N\u015eAAT,<br \/>AYA\u015e A\u00c7IK CEZA EVI M\u00dcD\u00dcRL\u00dc\u011e\u00dc,<br \/>BAINBRIDGE HOLDING A.\u015e.,<br \/>BAY INS .A.\u015e.,<br \/>BEST TRAFO A.\u015e.,<br \/>B\u0130LEC\u0130K HAZIR BETON LTD.<br \/>\u015eT\u0130.,<br \/>BOYNER<br \/>BRITISH AMERICAN TOBACCO,<br \/>BURGER KING,<br \/>B\u00dcROSAN OF\u0130S MOB. A.\u015e.,<br \/>\u00c7I\u011eIR K\u0130MYA A.\u015e.,<br \/>\u00c7INAR BORU PROFIL A.\u015e.<br \/>KDZ.ERE\u011eL\u0130 \u00c7IA SAN KRAFT A.\u015e.<br \/>DYAPIM REKLAMCILIK A.\u015e.,<br \/>DEM\u0130RTA\u015e ORGANIZE SAN. B\u00d6LG.,<br \/>DHM\u0130 HAVAL\u0130MANI \u0130\u015eLETMEC\u0130L\u0130\u011e\u0130,<br \/>DIANOMIKI HELLAS,<br \/>YUNAN\u0130STAN D\u0130KTA\u015e SO\u011eUTMA A.\u015e.<br \/>DILEK INS. A.\u015e.,<br \/>DO\u011eU \u0130LETI\u015eIM LTD. \u015eTI.,<br \/>DR. OETKER GIDA SAN. A.\u015e.<br \/>IZMIR DROGSAN \u0130LA\u00c7LARI A.\u015e.<br \/>ANKARA E.G. MIM. INS. LTD. \u015eTI.<br \/>ANKARA ECZACIBA\u015eI YAPI GERE\u00c7LER\u0130 A.\u015e.<br \/>EFES BIRACILIK,<br \/>EKOL IHR. ITH. LTD. STI.,<br \/>ISTANBUL EKOTEN TEKSTIL A.\u015e.,<br \/>ELEKTRO MASTER LTD.,<br \/>EMN\u0130YET GENEL M\u00dcD\u00dcRL\u00dc\u011e\u00dc,<br \/>ERE\u011eL\u0130 DEM\u0130R\u00c7EL\u0130K FAB. T.A.\u015e.,<br \/>ERKURT HOLDING A.\u015e.,<br \/>ES-EKS A.\u015e.,<br \/>EUROPEAN BANK FOR RECONSTRUCTION,<br \/>ET\u0130 GIDA SAN. A.\u015e.,<br \/>FNS SSAVUNMA SIS. A.\u015e.,<br \/>ANKARA FORD OTOMOT\u0130V A.\u015e.,<br \/>ESK\u0130\u015eEH\u0130R FRAPORT IC HAVAL\u0130MANIISL.,<br \/>ANTALYA GAVUZO\u011eLU \u0130N\u015e. LTD. STI.,<br \/>HAYAT TEM. SA\u011e. A.\u015e.,<br \/>HER\u0130\u015e SERAM\u0130K A.\u015e.,<br \/>HONDA T\u00dcRK\u0130YE A.\u015e.,<br \/>GEBZE HSBC BANK A.\u015e.,<br \/>ING BANK A.\u015e.,<br \/>INT. PRESCHOOL AND KINDER GARDEN,<br \/>IGA HAVAALANI \u0130\u015eLETMES\u0130,<br \/>\u0130STANBUL IBAVALRESA BOYA VE KIM. SAN. A.\u015e.,<br \/>I\u00c7KALE \u0130N\u015e. LTD. \u015eTI.,<br \/>IMECE A.\u015e.,<br \/>IPRAGAZ A.\u015e.,<\/p><\/div><\/div><\/div><\/div><\/div><\/section><section class=\"elementor-section elementor-top-section elementor-element elementor-element-bff6de8 elementor-section-boxed elementor-section-height-default elementor-section-height-default\" data-id=\"bff6de8\" data-element_type=\"section\" data-settings=\"{&quot;_ha_eqh_enable&quot;:false}\"><div class=\"elementor-container elementor-column-gap-default\"><div class=\"elementor-column elementor-col-100 elementor-top-column elementor-element elementor-element-a1082f4\" data-id=\"a1082f4\" data-element_type=\"column\"><div class=\"elementor-widget-wrap elementor-element-populated\"><div class=\"elementor-element elementor-element-d42796d elementor-widget elementor-widget-counter\" data-id=\"d42796d\" data-element_type=\"widget\" data-widget_type=\"counter.default\"><div class=\"elementor-widget-container\"><div class=\"elementor-counter\"><div class=\"elementor-counter-number-wrapper\" style=\"text-align: center;\">\u00a0<\/div><div class=\"elementor-counter-title\" style=\"text-align: center;\">SAYAMADI\u011eIMIZ KURUM VE KURULU\u015eLAR \u0130LE 16 YILDIR S\u0130ZLERLEY\u0130Z.<\/div><\/div><\/div><\/div><\/div><\/div><\/div><\/section>\n\t\t\t\t\t<\/div>\n\t\t\t\t\t\t<\/div>\n\t\t\t\t<\/div>\n\t\t\t\t\t<\/div>\n\t\t\t\t<\/div>\n\t\t\t\t<\/div>\n\t\t","protected":false},"excerpt":{"rendered":"<p>BAKANLIKLAR T.C. ADALETT.C. \u00c7ALI\u015eMA VE SOSYAL G\u00dcVENL\u0130K BAKANLI\u011eIT.C. \u00c7EVRE VE \u015eEH\u0130RC\u0130L\u0130K BAKANLI\u011eIT.C. DI\u015e \u0130\u015eLER\u0130 BAKANLI\u011eIT.C. ENERJ\u0130 VE TAB\u0130 KAYNAKLAR BAKANLI\u011eIT.C.<\/p>\n","protected":false},"author":1,"featured_media":0,"parent":0,"menu_order":0,"comment_status":"closed","ping_status":"closed","template":"","meta":{"advanced_seo_description":"","jetpack_seo_html_title":"","jetpack_seo_noindex":false,"footnotes":""},"class_list":["post-51","page","type-page","status-publish","hentry"],"jetpack_sharing_enabled":true,"_links":{"self":[{"href":"https:\/\/arsrackcabinet.com\/index.php?rest_route=\/wp\/v2\/pages\/51","targetHints":{"allow":["GET"]}}],"collection":[{"href":"https:\/\/arsrackcabinet.com\/index.php?rest_route=\/wp\/v2\/pages"}],"about":[{"href":"https:\/\/arsrackcabinet.com\/index.php?rest_route=\/wp\/v2\/types\/page"}],"author":[{"embeddable":true,"href":"https:\/\/arsrackcabinet.com\/index.php?rest_route=\/wp\/v2\/users\/1"}],"replies":[{"embeddable":true,"href":"https:\/\/arsrackcabinet.com\/index.php?rest_route=%2Fwp%2Fv2%2Fcomments&post=51"}],"version-history":[{"count":5,"href":"https:\/\/arsrackcabinet.com\/index.php?rest_route=\/wp\/v2\/pages\/51\/revisions"}],"predecessor-version":[{"id":14508,"href":"https:\/\/arsrackcabinet.com\/index.php?rest_route=\/wp\/v2\/pages\/51\/revisions\/14508"}],"wp:attachment":[{"href":"https:\/\/arsrackcabinet.com\/index.php?rest_route=%2Fwp%2Fv2%2Fmedia&parent=51"}],"curies":[{"name":"wp","href":"https:\/\/api.w.org\/{rel}","templated":true}]}}