{"id":13998,"date":"2024-01-10T08:18:41","date_gmt":"2024-01-10T08:18:41","guid":{"rendered":"https:\/\/arsrackcabinet.com\/?post_type=product&#038;p=13998"},"modified":"2024-01-11T13:37:48","modified_gmt":"2024-01-11T10:37:48","slug":"2li-analog-termostatli-fan-modulu","status":"publish","type":"product","link":"https:\/\/arsrackcabinet.com\/?product=2li-analog-termostatli-fan-modulu","title":{"rendered":"2&#8217;li Analog Termostatl\u0131 Fan Mod\u00fcl\u00fc"},"content":{"rendered":"","protected":false},"excerpt":{"rendered":"","protected":false},"featured_media":14180,"comment_status":"open","ping_status":"closed","template":"","meta":{"advanced_seo_description":"","jetpack_seo_html_title":"","jetpack_seo_noindex":false},"product_brand":[],"product_cat":[71],"product_tag":[],"class_list":{"0":"post-13998","1":"product","2":"type-product","3":"status-publish","4":"has-post-thumbnail","6":"product_cat-aksesuarlar","8":"first","9":"instock","10":"taxable","11":"shipping-taxable","12":"product-type-simple"},"jetpack_sharing_enabled":true,"_links":{"self":[{"href":"https:\/\/arsrackcabinet.com\/index.php?rest_route=\/wp\/v2\/product\/13998","targetHints":{"allow":["GET"]}}],"collection":[{"href":"https:\/\/arsrackcabinet.com\/index.php?rest_route=\/wp\/v2\/product"}],"about":[{"href":"https:\/\/arsrackcabinet.com\/index.php?rest_route=\/wp\/v2\/types\/product"}],"replies":[{"embeddable":true,"href":"https:\/\/arsrackcabinet.com\/index.php?rest_route=%2Fwp%2Fv2%2Fcomments&post=13998"}],"version-history":[{"count":1,"href":"https:\/\/arsrackcabinet.com\/index.php?rest_route=\/wp\/v2\/product\/13998\/revisions"}],"predecessor-version":[{"id":13999,"href":"https:\/\/arsrackcabinet.com\/index.php?rest_route=\/wp\/v2\/product\/13998\/revisions\/13999"}],"wp:featuredmedia":[{"embeddable":true,"href":"https:\/\/arsrackcabinet.com\/index.php?rest_route=\/wp\/v2\/media\/14180"}],"wp:attachment":[{"href":"https:\/\/arsrackcabinet.com\/index.php?rest_route=%2Fwp%2Fv2%2Fmedia&parent=13998"}],"wp:term":[{"taxonomy":"product_brand","embeddable":true,"href":"https:\/\/arsrackcabinet.com\/index.php?rest_route=%2Fwp%2Fv2%2Fproduct_brand&post=13998"},{"taxonomy":"product_cat","embeddable":true,"href":"https:\/\/arsrackcabinet.com\/index.php?rest_route=%2Fwp%2Fv2%2Fproduct_cat&post=13998"},{"taxonomy":"product_tag","embeddable":true,"href":"https:\/\/arsrackcabinet.com\/index.php?rest_route=%2Fwp%2Fv2%2Fproduct_tag&post=13998"}],"curies":[{"name":"wp","href":"https:\/\/api.w.org\/{rel}","templated":true}]}}