{"id":14238,"date":"2024-01-11T15:41:29","date_gmt":"2024-01-11T12:41:29","guid":{"rendered":"https:\/\/arsrackcabinet.com\/?post_type=product&#038;p=14238"},"modified":"2024-01-11T15:45:52","modified_gmt":"2024-01-11T12:45:52","slug":"ars-utp-cat6-keystone-soket-180-cevirmeli","status":"publish","type":"product","link":"https:\/\/arsrackcabinet.com\/?product=ars-utp-cat6-keystone-soket-180-cevirmeli","title":{"rendered":"ARS UTP CAT6 KEYSTONE SOKET 180\u00b0 \u00c7EV\u0130RMEL\u0130"},"content":{"rendered":"","protected":false},"excerpt":{"rendered":"","protected":false},"featured_media":14239,"comment_status":"open","ping_status":"closed","template":"","meta":{"advanced_seo_description":"","jetpack_seo_html_title":"","jetpack_seo_noindex":false},"product_brand":[],"product_cat":[71],"product_tag":[],"class_list":{"0":"post-14238","1":"product","2":"type-product","3":"status-publish","4":"has-post-thumbnail","6":"product_cat-aksesuarlar","8":"first","9":"instock","10":"taxable","11":"shipping-taxable","12":"product-type-grouped"},"jetpack_sharing_enabled":true,"_links":{"self":[{"href":"https:\/\/arsrackcabinet.com\/index.php?rest_route=\/wp\/v2\/product\/14238","targetHints":{"allow":["GET"]}}],"collection":[{"href":"https:\/\/arsrackcabinet.com\/index.php?rest_route=\/wp\/v2\/product"}],"about":[{"href":"https:\/\/arsrackcabinet.com\/index.php?rest_route=\/wp\/v2\/types\/product"}],"replies":[{"embeddable":true,"href":"https:\/\/arsrackcabinet.com\/index.php?rest_route=%2Fwp%2Fv2%2Fcomments&post=14238"}],"version-history":[{"count":1,"href":"https:\/\/arsrackcabinet.com\/index.php?rest_route=\/wp\/v2\/product\/14238\/revisions"}],"predecessor-version":[{"id":14242,"href":"https:\/\/arsrackcabinet.com\/index.php?rest_route=\/wp\/v2\/product\/14238\/revisions\/14242"}],"wp:featuredmedia":[{"embeddable":true,"href":"https:\/\/arsrackcabinet.com\/index.php?rest_route=\/wp\/v2\/media\/14239"}],"wp:attachment":[{"href":"https:\/\/arsrackcabinet.com\/index.php?rest_route=%2Fwp%2Fv2%2Fmedia&parent=14238"}],"wp:term":[{"taxonomy":"product_brand","embeddable":true,"href":"https:\/\/arsrackcabinet.com\/index.php?rest_route=%2Fwp%2Fv2%2Fproduct_brand&post=14238"},{"taxonomy":"product_cat","embeddable":true,"href":"https:\/\/arsrackcabinet.com\/index.php?rest_route=%2Fwp%2Fv2%2Fproduct_cat&post=14238"},{"taxonomy":"product_tag","embeddable":true,"href":"https:\/\/arsrackcabinet.com\/index.php?rest_route=%2Fwp%2Fv2%2Fproduct_tag&post=14238"}],"curies":[{"name":"wp","href":"https:\/\/api.w.org\/{rel}","templated":true}]}}