{"id":14262,"date":"2024-01-11T17:12:04","date_gmt":"2024-01-11T14:12:04","guid":{"rendered":"https:\/\/arsrackcabinet.com\/?post_type=product&#038;p=14262"},"modified":"2026-05-05T19:19:09","modified_gmt":"2026-05-05T16:19:09","slug":"6li-sigortali-anahtarli-aluminyum-grup-priz-kopya","status":"publish","type":"product","link":"https:\/\/arsrackcabinet.com\/?product=6li-sigortali-anahtarli-aluminyum-grup-priz-kopya","title":{"rendered":"6&#8217;LI S\u0130GORTALI ANAHTARLI AL\u00dcM\u0130NYUM GRUP PR\u0130Z"},"content":{"rendered":"","protected":false},"excerpt":{"rendered":"","protected":false},"featured_media":14258,"comment_status":"open","ping_status":"closed","template":"","meta":{"advanced_seo_description":"","jetpack_seo_html_title":"","jetpack_seo_noindex":false},"product_brand":[],"product_cat":[71],"product_tag":[],"class_list":{"0":"post-14262","1":"product","2":"type-product","3":"status-publish","4":"has-post-thumbnail","6":"product_cat-aksesuarlar","8":"first","9":"instock","10":"taxable","11":"shipping-taxable","12":"product-type-grouped"},"jetpack_sharing_enabled":true,"_links":{"self":[{"href":"https:\/\/arsrackcabinet.com\/index.php?rest_route=\/wp\/v2\/product\/14262","targetHints":{"allow":["GET"]}}],"collection":[{"href":"https:\/\/arsrackcabinet.com\/index.php?rest_route=\/wp\/v2\/product"}],"about":[{"href":"https:\/\/arsrackcabinet.com\/index.php?rest_route=\/wp\/v2\/types\/product"}],"replies":[{"embeddable":true,"href":"https:\/\/arsrackcabinet.com\/index.php?rest_route=%2Fwp%2Fv2%2Fcomments&post=14262"}],"version-history":[{"count":2,"href":"https:\/\/arsrackcabinet.com\/index.php?rest_route=\/wp\/v2\/product\/14262\/revisions"}],"predecessor-version":[{"id":14264,"href":"https:\/\/arsrackcabinet.com\/index.php?rest_route=\/wp\/v2\/product\/14262\/revisions\/14264"}],"wp:featuredmedia":[{"embeddable":true,"href":"https:\/\/arsrackcabinet.com\/index.php?rest_route=\/wp\/v2\/media\/14258"}],"wp:attachment":[{"href":"https:\/\/arsrackcabinet.com\/index.php?rest_route=%2Fwp%2Fv2%2Fmedia&parent=14262"}],"wp:term":[{"taxonomy":"product_brand","embeddable":true,"href":"https:\/\/arsrackcabinet.com\/index.php?rest_route=%2Fwp%2Fv2%2Fproduct_brand&post=14262"},{"taxonomy":"product_cat","embeddable":true,"href":"https:\/\/arsrackcabinet.com\/index.php?rest_route=%2Fwp%2Fv2%2Fproduct_cat&post=14262"},{"taxonomy":"product_tag","embeddable":true,"href":"https:\/\/arsrackcabinet.com\/index.php?rest_route=%2Fwp%2Fv2%2Fproduct_tag&post=14262"}],"curies":[{"name":"wp","href":"https:\/\/api.w.org\/{rel}","templated":true}]}}