{"id":14265,"date":"2024-01-11T17:12:50","date_gmt":"2024-01-11T14:12:50","guid":{"rendered":"https:\/\/arsrackcabinet.com\/?post_type=product&#038;p=14265"},"modified":"2024-01-11T17:14:40","modified_gmt":"2024-01-11T14:14:40","slug":"12li-sigortali-anahtarli-aluminyum-grup-priz","status":"publish","type":"product","link":"https:\/\/arsrackcabinet.com\/?product=12li-sigortali-anahtarli-aluminyum-grup-priz","title":{"rendered":"12&#8217;L\u0130 S\u0130GORTALI ANAHTARLI AL\u00dcM\u0130NYUM GRUP PR\u0130Z"},"content":{"rendered":"","protected":false},"excerpt":{"rendered":"","protected":false},"featured_media":14260,"comment_status":"open","ping_status":"closed","template":"","meta":{"advanced_seo_description":"","jetpack_seo_html_title":"","jetpack_seo_noindex":false},"product_brand":[],"product_cat":[71],"product_tag":[],"class_list":{"0":"post-14265","1":"product","2":"type-product","3":"status-publish","4":"has-post-thumbnail","6":"product_cat-aksesuarlar","8":"first","9":"instock","10":"taxable","11":"shipping-taxable","12":"product-type-grouped"},"jetpack_sharing_enabled":true,"_links":{"self":[{"href":"https:\/\/arsrackcabinet.com\/index.php?rest_route=\/wp\/v2\/product\/14265","targetHints":{"allow":["GET"]}}],"collection":[{"href":"https:\/\/arsrackcabinet.com\/index.php?rest_route=\/wp\/v2\/product"}],"about":[{"href":"https:\/\/arsrackcabinet.com\/index.php?rest_route=\/wp\/v2\/types\/product"}],"replies":[{"embeddable":true,"href":"https:\/\/arsrackcabinet.com\/index.php?rest_route=%2Fwp%2Fv2%2Fcomments&post=14265"}],"version-history":[{"count":1,"href":"https:\/\/arsrackcabinet.com\/index.php?rest_route=\/wp\/v2\/product\/14265\/revisions"}],"predecessor-version":[{"id":14266,"href":"https:\/\/arsrackcabinet.com\/index.php?rest_route=\/wp\/v2\/product\/14265\/revisions\/14266"}],"wp:featuredmedia":[{"embeddable":true,"href":"https:\/\/arsrackcabinet.com\/index.php?rest_route=\/wp\/v2\/media\/14260"}],"wp:attachment":[{"href":"https:\/\/arsrackcabinet.com\/index.php?rest_route=%2Fwp%2Fv2%2Fmedia&parent=14265"}],"wp:term":[{"taxonomy":"product_brand","embeddable":true,"href":"https:\/\/arsrackcabinet.com\/index.php?rest_route=%2Fwp%2Fv2%2Fproduct_brand&post=14265"},{"taxonomy":"product_cat","embeddable":true,"href":"https:\/\/arsrackcabinet.com\/index.php?rest_route=%2Fwp%2Fv2%2Fproduct_cat&post=14265"},{"taxonomy":"product_tag","embeddable":true,"href":"https:\/\/arsrackcabinet.com\/index.php?rest_route=%2Fwp%2Fv2%2Fproduct_tag&post=14265"}],"curies":[{"name":"wp","href":"https:\/\/api.w.org\/{rel}","templated":true}]}}