{"id":14267,"date":"2024-01-11T17:14:46","date_gmt":"2024-01-11T14:14:46","guid":{"rendered":"https:\/\/arsrackcabinet.com\/?post_type=product&#038;p=14267"},"modified":"2024-01-11T17:16:09","modified_gmt":"2024-01-11T14:16:09","slug":"9lu-sigortali-anahtarli-aluminyum-grup-priz","status":"publish","type":"product","link":"https:\/\/arsrackcabinet.com\/?product=9lu-sigortali-anahtarli-aluminyum-grup-priz","title":{"rendered":"9&#8217;LU S\u0130GORTALI ANAHTARLI AL\u00dcM\u0130NYUM GRUP PR\u0130Z"},"content":{"rendered":"","protected":false},"excerpt":{"rendered":"","protected":false},"featured_media":14259,"comment_status":"open","ping_status":"closed","template":"","meta":{"advanced_seo_description":"","jetpack_seo_html_title":"","jetpack_seo_noindex":false},"product_brand":[],"product_cat":[71],"product_tag":[],"class_list":{"0":"post-14267","1":"product","2":"type-product","3":"status-publish","4":"has-post-thumbnail","6":"product_cat-aksesuarlar","8":"first","9":"instock","10":"taxable","11":"shipping-taxable","12":"product-type-grouped"},"jetpack_sharing_enabled":true,"_links":{"self":[{"href":"https:\/\/arsrackcabinet.com\/index.php?rest_route=\/wp\/v2\/product\/14267","targetHints":{"allow":["GET"]}}],"collection":[{"href":"https:\/\/arsrackcabinet.com\/index.php?rest_route=\/wp\/v2\/product"}],"about":[{"href":"https:\/\/arsrackcabinet.com\/index.php?rest_route=\/wp\/v2\/types\/product"}],"replies":[{"embeddable":true,"href":"https:\/\/arsrackcabinet.com\/index.php?rest_route=%2Fwp%2Fv2%2Fcomments&post=14267"}],"version-history":[{"count":2,"href":"https:\/\/arsrackcabinet.com\/index.php?rest_route=\/wp\/v2\/product\/14267\/revisions"}],"predecessor-version":[{"id":14269,"href":"https:\/\/arsrackcabinet.com\/index.php?rest_route=\/wp\/v2\/product\/14267\/revisions\/14269"}],"wp:featuredmedia":[{"embeddable":true,"href":"https:\/\/arsrackcabinet.com\/index.php?rest_route=\/wp\/v2\/media\/14259"}],"wp:attachment":[{"href":"https:\/\/arsrackcabinet.com\/index.php?rest_route=%2Fwp%2Fv2%2Fmedia&parent=14267"}],"wp:term":[{"taxonomy":"product_brand","embeddable":true,"href":"https:\/\/arsrackcabinet.com\/index.php?rest_route=%2Fwp%2Fv2%2Fproduct_brand&post=14267"},{"taxonomy":"product_cat","embeddable":true,"href":"https:\/\/arsrackcabinet.com\/index.php?rest_route=%2Fwp%2Fv2%2Fproduct_cat&post=14267"},{"taxonomy":"product_tag","embeddable":true,"href":"https:\/\/arsrackcabinet.com\/index.php?rest_route=%2Fwp%2Fv2%2Fproduct_tag&post=14267"}],"curies":[{"name":"wp","href":"https:\/\/api.w.org\/{rel}","templated":true}]}}